{"id":5003,"date":"2024-11-08T22:39:30","date_gmt":"2024-11-08T22:39:30","guid":{"rendered":"https:\/\/hubqcreative.com\/?post_type=product&#038;p=5003"},"modified":"2024-11-08T22:39:30","modified_gmt":"2024-11-08T22:39:30","slug":"lampada-led-con-cassa-bluetooth","status":"publish","type":"product","link":"https:\/\/hubqcreative.com\/index.php\/prodotto\/lampada-led-con-cassa-bluetooth\/","title":{"rendered":"Lampada Led con Cassa Bluetooth"},"content":{"rendered":"<p>Elegante lampada da tavolo con dettagli in sughero, caricatore wireless da 10W integrato sulla base e altoparlante wireless da 3W. Luce LED con tre modalit\u00e0 di illuminazione.<\/p>\n<p>&nbsp;<\/p>\n<ul>\n<li>LUCE LED IN 3 TONALIT\u00c0<\/li>\n<li>REGOLAZIONE INTENSIT\u00c0 MORBIDA<\/li>\n<li>CARICATORE SMARTPHONE<\/li>\n<li>DETTAGLI IN SUGHERO RAFFINATO<\/li>\n<li>MANICO REGOLABILE<\/li>\n<li>CAVO USB INCLUSO<\/li>\n<li>ALTOPARLANTE WIRELESS\u00a0 DA 3W<\/li>\n<\/ul>\n<p>&nbsp;<\/p>\n","protected":false},"excerpt":{"rendered":"<p>Elegante lampada da tavolo con dettagli in sughero, caricatore wireless da 10W integrato sulla base e altoparlante wireless da 3W. Luce LED con tre modalit\u00e0 di illuminazione. &nbsp; LUCE LED IN 3 TONALIT\u00c0 REGOLAZIONE INTENSIT\u00c0 MORBIDA CARICATORE SMARTPHONE DETTAGLI IN SUGHERO RAFFINATO MANICO REGOLABILE CAVO USB INCLUSO ALTOPARLANTE WIRELESS\u00a0 DA 3W &nbsp;<\/p>\n","protected":false},"featured_media":5005,"comment_status":"open","ping_status":"closed","template":"","meta":{"site-sidebar-layout":"default","site-content-layout":"","ast-site-content-layout":"default","site-content-style":"default","site-sidebar-style":"default","ast-global-header-display":"","ast-banner-title-visibility":"","ast-main-header-display":"","ast-hfb-above-header-display":"","ast-hfb-below-header-display":"","ast-hfb-mobile-header-display":"","site-post-title":"","ast-breadcrumbs-content":"","ast-featured-img":"","footer-sml-layout":"","ast-disable-related-posts":"","theme-transparent-header-meta":"default","adv-header-id-meta":"","stick-header-meta":"","header-above-stick-meta":"","header-main-stick-meta":"","header-below-stick-meta":"","astra-migrate-meta-layouts":"set","ast-page-background-enabled":"default","ast-page-background-meta":{"desktop":{"background-color":"","background-image":"","background-repeat":"repeat","background-position":"center center","background-size":"auto","background-attachment":"scroll","background-type":"","background-media":"","overlay-type":"","overlay-color":"","overlay-opacity":"","overlay-gradient":""},"tablet":{"background-color":"","background-image":"","background-repeat":"repeat","background-position":"center center","background-size":"auto","background-attachment":"scroll","background-type":"","background-media":"","overlay-type":"","overlay-color":"","overlay-opacity":"","overlay-gradient":""},"mobile":{"background-color":"","background-image":"","background-repeat":"repeat","background-position":"center center","background-size":"auto","background-attachment":"scroll","background-type":"","background-media":"","overlay-type":"","overlay-color":"","overlay-opacity":"","overlay-gradient":""}},"ast-content-background-meta":{"desktop":{"background-color":"var(--ast-global-color-5)","background-image":"","background-repeat":"repeat","background-position":"center center","background-size":"auto","background-attachment":"scroll","background-type":"","background-media":"","overlay-type":"","overlay-color":"","overlay-opacity":"","overlay-gradient":""},"tablet":{"background-color":"var(--ast-global-color-5)","background-image":"","background-repeat":"repeat","background-position":"center center","background-size":"auto","background-attachment":"scroll","background-type":"","background-media":"","overlay-type":"","overlay-color":"","overlay-opacity":"","overlay-gradient":""},"mobile":{"background-color":"var(--ast-global-color-5)","background-image":"","background-repeat":"repeat","background-position":"center center","background-size":"auto","background-attachment":"scroll","background-type":"","background-media":"","overlay-type":"","overlay-color":"","overlay-opacity":"","overlay-gradient":""}}},"product_brand":[],"product_cat":[47],"product_tag":[],"class_list":{"0":"post-5003","1":"product","2":"type-product","3":"status-publish","4":"has-post-thumbnail","6":"product_cat-abbigliamento-accessori","7":"desktop-align-center","8":"tablet-align-left","9":"mobile-align-center","11":"first","12":"instock","13":"shipping-taxable","14":"purchasable","15":"product-type-simple"},"aioseo_notices":[],"_links":{"self":[{"href":"https:\/\/hubqcreative.com\/index.php\/wp-json\/wp\/v2\/product\/5003","targetHints":{"allow":["GET"]}}],"collection":[{"href":"https:\/\/hubqcreative.com\/index.php\/wp-json\/wp\/v2\/product"}],"about":[{"href":"https:\/\/hubqcreative.com\/index.php\/wp-json\/wp\/v2\/types\/product"}],"replies":[{"embeddable":true,"href":"https:\/\/hubqcreative.com\/index.php\/wp-json\/wp\/v2\/comments?post=5003"}],"wp:featuredmedia":[{"embeddable":true,"href":"https:\/\/hubqcreative.com\/index.php\/wp-json\/wp\/v2\/media\/5005"}],"wp:attachment":[{"href":"https:\/\/hubqcreative.com\/index.php\/wp-json\/wp\/v2\/media?parent=5003"}],"wp:term":[{"taxonomy":"product_brand","embeddable":true,"href":"https:\/\/hubqcreative.com\/index.php\/wp-json\/wp\/v2\/product_brand?post=5003"},{"taxonomy":"product_cat","embeddable":true,"href":"https:\/\/hubqcreative.com\/index.php\/wp-json\/wp\/v2\/product_cat?post=5003"},{"taxonomy":"product_tag","embeddable":true,"href":"https:\/\/hubqcreative.com\/index.php\/wp-json\/wp\/v2\/product_tag?post=5003"}],"curies":[{"name":"wp","href":"https:\/\/api.w.org\/{rel}","templated":true}]}}